{"id":5624,"date":"2023-09-25T17:10:00","date_gmt":"2023-09-25T17:10:00","guid":{"rendered":""},"modified":"2025-08-03T15:25:44","modified_gmt":"2025-08-03T15:25:44","slug":"le-mie-serie-tv","status":"publish","type":"page","link":"https:\/\/www.diariosegretodiunafangirl.com\/?page_id=5624","title":{"rendered":"Le mie serie TV"},"content":{"rendered":"<p>&nbsp;<\/p>\n<table class=\"tr-caption-container\" style=\"margin-left: auto; margin-right: auto;\" cellspacing=\"0\" cellpadding=\"0\" align=\"center\">\n<tbody>\n<tr>\n<td style=\"text-align: center;\"><a style=\"margin-left: auto; margin-right: auto;\" href=\"https:\/\/www.diariosegretodiunafangirl.com\/wp-content\/uploads\/2023\/09\/Header20Serie20TV.png\"><img loading=\"lazy\" decoding=\"async\" class=\"wp-image-5625\" src=\"https:\/\/www.diariosegretodiunafangirl.com\/wp-content\/uploads\/2023\/09\/Header20Serie20TV.png\" loading=\"lazy\" width=\"514\" height=\"346\" \/><\/a><\/td>\n<\/tr>\n<tr>\n<td class=\"tr-caption\" style=\"text-align: center;\"><\/td>\n<\/tr>\n<\/tbody>\n<\/table>\n<p>(<span style=\"text-align: center;\">S\u00ec, la grafica fa cagare, posso giustificarmi dicendo che l&#8217;ho fatto di proposito? \u00c8 credibile?)<\/span><\/p>\n<p><span style=\"font-weight: 400;\">Di solito tenevo conto delle serie tv che sto guardando\/che ho finito nella colonna a destra. Quando stavo facendo l&#8217;aggiornamento della lista mi sono resa conto che era diventata davvero una cosa esagerata e ho pensato che sarebbe stato pi\u00f9 intelligente e ordinato creare una pagina a parte.\u00a0<\/span><\/p>\n<p>&nbsp;<\/p>\n<p><span style=\"font-weight: 400;\">Ho diviso la lista in tre categorie: le serie con cui sono in pari (Currently Watching),\u00a0 quelle che sono concluse e che mi sono piaciute (alcune pi\u00f9, altre meno) e ogni tanto riguardo pure; e quelle che voglio guardare e che non ho ancora iniziato, oppure ho iniziato ma non mi sono messa in pari.<\/span><\/p>\n<p>&nbsp;<\/p>\n<p><span style=\"font-weight: 400;\">Ho deciso di lasciare fuori le docusoap (perch\u00e9 la quantit\u00e0 di titoli \u00e8 veramente indegna), e comunque ho la sensazione di aver lasciato un milione di serie \u201cnormali\u201d fuori.<\/span><\/p>\n<p>&nbsp;<\/p>\n<p><em><strong>Currently Watching<\/strong><\/em><\/p>\n<p>&nbsp;<\/p>\n<ul>\n<li><span style=\"font-weight: 400;\">Heartstopper<\/span><\/li>\n<li><span style=\"font-weight: 400;\">Agatha All Along<\/span><\/li>\n<li><span style=\"font-weight: 400;\">Law and Order SVU<\/span><\/li>\n<li><span style=\"font-weight: 400;\">Euphoria<\/span><\/li>\n<li><span style=\"font-weight: 400;\">Emily in Paris<\/span><\/li>\n<li><span style=\"font-weight: 400;\">The Bear<\/span><\/li>\n<li><span style=\"font-weight: 400;\">XO, Kitty<\/span><\/li>\n<li><span style=\"font-weight: 400;\">Wednesday<\/span><\/li>\n<li><span style=\"font-weight: 400;\">Heartbreak High<\/span><\/li>\n<li><span style=\"font-weight: 400;\">What If\u2026<\/span><\/li>\n<li><span style=\"font-weight: 400;\">A Different World<\/span><\/li>\n<li><span style=\"font-weight: 400;\">Arcane<\/span><\/li>\n<li><span style=\"font-weight: 400;\">Daredevil: Reborn<\/span><\/li>\n<\/ul>\n<p>&nbsp;<\/p>\n<p><em><strong>Done<\/strong><\/em><\/p>\n<p>&nbsp;<\/p>\n<ul>\n<li><span style=\"font-weight: 400;\">Sex and the City<\/span><\/li>\n<li><span style=\"font-weight: 400;\">Fresh Prince of Bel Air<\/span><\/li>\n<li><span style=\"font-weight: 400;\">The Nanny<\/span><\/li>\n<li><span style=\"font-weight: 400;\">Defending Jacob<\/span><\/li>\n<li><span style=\"font-weight: 400;\">The Carrie Diaries<\/span><\/li>\n<li><span style=\"font-weight: 400;\">Unorthodox<\/span><\/li>\n<li><span style=\"font-weight: 400;\">Sense8<\/span><\/li>\n<li><span style=\"font-weight: 400;\">Marvel\u2019s Agent Carter<\/span><\/li>\n<li><span style=\"font-weight: 400;\">Marvel\u2019s Jessica Jones<\/span><\/li>\n<li><span style=\"font-weight: 400;\">WandaVision<\/span><\/li>\n<li><span style=\"font-weight: 400;\">The Newsroom<\/span><\/li>\n<li><span style=\"font-weight: 400;\">When They See Us<\/span><\/li>\n<li><span style=\"font-weight: 400;\">It\u2019s a Sin<\/span><\/li>\n<li><span style=\"font-weight: 400;\">Dash &amp; Lily<\/span><\/li>\n<li><span style=\"font-weight: 400;\">My Mad Fat Diary<\/span><\/li>\n<li><span style=\"font-weight: 400;\">Glee (prime tre stagioni)<\/span><\/li>\n<li><span style=\"font-weight: 400;\">Suburra<\/span><\/li>\n<li><span style=\"font-weight: 400;\">Will &amp; Grace<\/span><\/li>\n<li><span style=\"font-weight: 400;\">Elementary<\/span><\/li>\n<li><span style=\"font-weight: 400;\">True Detective<\/span><\/li>\n<li><span style=\"font-weight: 400;\">Beverly Hills 90210<\/span><\/li>\n<li><span style=\"font-weight: 400;\">Marvel\u2019s Daredevil<\/span><\/li>\n<li><span style=\"font-weight: 400;\">Marvel\u2019s Luke Cage<\/span><\/li>\n<li><span style=\"font-weight: 400;\">Making a Murderer<\/span><\/li>\n<li><span style=\"font-weight: 400;\">The Americans<\/span><\/li>\n<li><span style=\"font-weight: 400;\">Political Animals<\/span><\/li>\n<li><span style=\"font-weight: 400;\">Romanzo Criminale<\/span><\/li>\n<li><span style=\"font-weight: 400;\">Sherlock<\/span><\/li>\n<li><span style=\"font-weight: 400;\">Mozart in the Jungle<\/span><\/li>\n<li><span style=\"font-weight: 400;\">American Crime<\/span><\/li>\n<li><span style=\"font-weight: 400;\">American Crime Story (People vs OJ)<\/span><\/li>\n<li><span style=\"font-weight: 400;\">American Crime Story (The Assassination of Gianni Versace)<\/span><\/li>\n<li><span style=\"font-weight: 400;\">American Crime Story (Impeachment)<\/span><\/li>\n<li><span style=\"font-weight: 400;\">2 Broke Girls<\/span><\/li>\n<li><span style=\"font-weight: 400;\">Smash<\/span><\/li>\n<li><span style=\"font-weight: 400;\">Styling Hollywood<\/span><\/li>\n<li><span style=\"font-weight: 400;\">Hollywood<\/span><\/li>\n<li><span style=\"font-weight: 400;\">Game of Thrones<\/span><\/li>\n<li><span style=\"font-weight: 400;\">The Falcon and the Winter Soldier<\/span><\/li>\n<li><span style=\"font-weight: 400;\">Shameless<\/span><\/li>\n<li><span style=\"font-weight: 400;\">Pose<\/span><\/li>\n<li><span style=\"font-weight: 400;\">Superstore<\/span><\/li>\n<li><span style=\"font-weight: 400;\">Narcos<\/span><\/li>\n<li><span style=\"font-weight: 400;\">Narcos: Mexico<\/span><\/li>\n<li><span style=\"font-weight: 400;\">Insecure<\/span><\/li>\n<li><span style=\"font-weight: 400;\">Never Have I Ever<\/span><\/li>\n<li><span style=\"font-weight: 400;\">Grace and Frankie<\/span><\/li>\n<li><span style=\"font-weight: 400;\">Dear White People<\/span><\/li>\n<li><span style=\"font-weight: 400;\">Golden Girls<\/span><\/li>\n<li><span style=\"font-weight: 400;\">Questo Mondo non mi Render\u00e0 Cattivo<\/span><\/li>\n<li><span style=\"font-weight: 400;\">Strappare Lungo i Bordi<\/span><\/li>\n<li><span style=\"font-weight: 400;\">She Hulk<\/span><\/li>\n<li><span style=\"font-weight: 400;\">Pistol<\/span><\/li>\n<li><span style=\"font-weight: 400;\">Ms Marvel<\/span><\/li>\n<li><span style=\"font-weight: 400;\">Obi Wan Kenobi<\/span><\/li>\n<li><span style=\"font-weight: 400;\">Moonknight<\/span><\/li>\n<li><span style=\"font-weight: 400;\">Don\u2019t Trust the B* in Apartment 23<\/span><\/li>\n<li><span style=\"font-weight: 400;\">Hawkeye<\/span><\/li>\n<li><span style=\"font-weight: 400;\">Halston<\/span><\/li>\n<li><span style=\"font-weight: 400;\">Kim\u2019s Convenience<\/span><\/li>\n<li><span style=\"font-weight: 400;\">Baby<\/span><\/li>\n<li><span style=\"font-weight: 400;\">Years and Years<\/span><\/li>\n<li><span style=\"font-weight: 400;\">Divorce<\/span><\/li>\n<li><span style=\"font-weight: 400;\">Beverly Hills 90210<\/span><\/li>\n<li><span style=\"font-weight: 400;\">Big Little Lies<\/span><\/li>\n<li><span style=\"font-weight: 400;\">The Big Bang Theory<\/span><\/li>\n<li><span style=\"font-weight: 400;\">Gilmore Girls<\/span><\/li>\n<li><span style=\"font-weight: 400;\">Sex Education<\/span><\/li>\n<li><span style=\"font-weight: 400;\">And Just Like That<\/span><\/li>\n<li><span style=\"font-weight: 400;\">Young Sheldon<\/span><\/li>\n<li><span style=\"font-weight: 400;\">The Crown<\/span><\/li>\n<li><span style=\"font-weight: 400;\">Loki<\/span><\/li>\n<li><span style=\"font-weight: 400;\">Secret Invasion<\/span><\/li>\n<li><span style=\"font-weight: 400;\">Reservation Dogs<\/span><\/li>\n<li><span style=\"font-weight: 400;\">The Sex Life of College Girls<\/span><\/li>\n<li><span style=\"font-weight: 400;\">Young Royals<\/span><\/li>\n<li><span style=\"font-weight: 400;\">Glamorous<\/span><\/li>\n<li><span style=\"font-weight: 400;\">Derry Girls<\/span><\/li>\n<li>Monster: The Lyle and Erik Menendez Story<\/li>\n<li>Schitt&#8217;s Creek<\/li>\n<\/ul>\n<p>&nbsp;<\/p>\n<p><strong><em>Need to start\/catch up<\/em><\/strong><\/p>\n<p>&nbsp;<\/p>\n<ul>\n<li><span style=\"font-weight: 400;\">Iron Heart<\/span><\/li>\n<li><span style=\"font-weight: 400;\">The Mandalorian<\/span><\/li>\n<li><span style=\"font-weight: 400;\">Shitsel<\/span><\/li>\n<li><span style=\"font-weight: 400;\">Marvel\u2019s The Punisher<\/span><\/li>\n<li><span style=\"font-weight: 400;\">Empire<\/span><\/li>\n<li><span style=\"font-weight: 400;\">The Confession Tapes<\/span><\/li>\n<li><span style=\"font-weight: 400;\">Marvel\u2019s Iron Fist<\/span><\/li>\n<li><span style=\"font-weight: 400;\">Marvel\u2019s Agents of S.H.I.E.L.D.<\/span><\/li>\n<li><span style=\"font-weight: 400;\">The Collection<\/span><\/li>\n<li><span style=\"font-weight: 400;\">Ripper Street<\/span><\/li>\n<li><span style=\"font-weight: 400;\">The Get Down<\/span><\/li>\n<li><span style=\"font-weight: 400;\">The Tudors<\/span><\/li>\n<li><span style=\"font-weight: 400;\">A Discovery of Witches<\/span><\/li>\n<li><span style=\"font-weight: 400;\">Chilling Adventures of Sabrina<\/span><\/li>\n<li><span style=\"font-weight: 400;\">Behind her Eyes<\/span><\/li>\n<li><span style=\"font-weight: 400;\">Call my Agent<\/span><\/li>\n<li><span style=\"font-weight: 400;\">The Ripper<\/span><\/li>\n<li><span style=\"font-weight: 400;\">The Fall<\/span><\/li>\n<li><span style=\"font-weight: 400;\">Abstract. The Art of Design<\/span><\/li>\n<li><span style=\"font-weight: 400;\">Queen Sugar<\/span><\/li>\n<li><span style=\"font-weight: 400;\">Caliphate<\/span><\/li>\n<li><span style=\"font-weight: 400;\">Unbelievable<\/span><\/li>\n<li><span style=\"font-weight: 400;\">On My Block<\/span><\/li>\n<li><span style=\"font-weight: 400;\">BlackAF<\/span><\/li>\n<li><span style=\"font-weight: 400;\">The Morning Show<\/span><\/li>\n<li><span style=\"font-weight: 400;\">I May Destroy You<\/span><\/li>\n<li><span style=\"font-weight: 400;\">The Morning Show<\/span><\/li>\n<li><span style=\"font-weight: 400;\">The Movies that Made Us<\/span><\/li>\n<\/ul>\n","protected":false},"excerpt":{"rendered":"<p>&nbsp; (S\u00ec, la grafica fa cagare, posso giustificarmi dicendo che l&#8217;ho fatto di proposito? \u00c8 credibile?) Di solito tenevo conto delle serie tv che sto&#8230;<\/p>\n","protected":false},"author":7,"featured_media":0,"parent":0,"menu_order":0,"comment_status":"closed","ping_status":"closed","template":"","meta":{"footnotes":""},"class_list":["post-5624","page","type-page","status-publish","hentry"],"_links":{"self":[{"href":"https:\/\/www.diariosegretodiunafangirl.com\/index.php?rest_route=\/wp\/v2\/pages\/5624","targetHints":{"allow":["GET"]}}],"collection":[{"href":"https:\/\/www.diariosegretodiunafangirl.com\/index.php?rest_route=\/wp\/v2\/pages"}],"about":[{"href":"https:\/\/www.diariosegretodiunafangirl.com\/index.php?rest_route=\/wp\/v2\/types\/page"}],"author":[{"embeddable":true,"href":"https:\/\/www.diariosegretodiunafangirl.com\/index.php?rest_route=\/wp\/v2\/users\/7"}],"replies":[{"embeddable":true,"href":"https:\/\/www.diariosegretodiunafangirl.com\/index.php?rest_route=%2Fwp%2Fv2%2Fcomments&post=5624"}],"version-history":[{"count":2,"href":"https:\/\/www.diariosegretodiunafangirl.com\/index.php?rest_route=\/wp\/v2\/pages\/5624\/revisions"}],"predecessor-version":[{"id":5692,"href":"https:\/\/www.diariosegretodiunafangirl.com\/index.php?rest_route=\/wp\/v2\/pages\/5624\/revisions\/5692"}],"wp:attachment":[{"href":"https:\/\/www.diariosegretodiunafangirl.com\/index.php?rest_route=%2Fwp%2Fv2%2Fmedia&parent=5624"}],"curies":[{"name":"wp","href":"https:\/\/api.w.org\/{rel}","templated":true}]}}